{"id":263,"date":"2024-06-16T13:24:15","date_gmt":"2024-06-16T13:24:15","guid":{"rendered":"https:\/\/thearena-in.de\/?page_id=263"},"modified":"2024-07-15T14:19:39","modified_gmt":"2024-07-15T14:19:39","slug":"about-us","status":"publish","type":"page","link":"https:\/\/thearena-in.de\/en\/about-us\/","title":{"rendered":"\u00dcber uns"},"content":{"rendered":"<p>Bist du auf der Suche nach dem ultimativen Trading Card Game Erlebnis in Ingolstadt? Dann bist du bei The Arena genau richtig! Wir sind dein Fachgesch\u00e4ft f\u00fcr alles rund um TCGs und bieten dir eine riesige Auswahl an Karten, Zubeh\u00f6rs und mehr f\u00fcr deine Lieblings-Spiele.<\/p>\n\n\n\n<p>Egal ob du ein erfahrener Duellant oder gerade erst anf\u00e4ngst, bei uns findest du garantiert das Richtige. Unsere freundlichen Mitarbeiter helfen dir gerne weiter und beraten dich individuell bei der Zusammenstellung deines Decks oder der Wahl des passenden Zubeh\u00f6rs.<\/p>\n\n\n\n<p>Freue dich auf aktuelle Booster-Boxen, Einzelkarten, Deckboxen, Sleeves, Spielmatten und vieles mehr. Bei uns dreht sich alles um deine Leidenschaft f\u00fcr TCGs!<\/p>","protected":false},"excerpt":{"rendered":"<p>Bist du auf der Suche nach dem ultimativen Trading Card Game Erlebnis in Ingolstadt? Dann bist du bei The Arena genau richtig! Wir sind dein Fachgesch\u00e4ft f\u00fcr alles rund um TCGs und bieten dir eine riesige Auswahl an Karten, Zubeh\u00f6rs und mehr f\u00fcr deine Lieblings-Spiele. Egal ob du ein erfahrener Duellant oder gerade erst anf\u00e4ngst, [&hellip;]<\/p>","protected":false},"author":2,"featured_media":0,"parent":0,"menu_order":0,"comment_status":"closed","ping_status":"closed","template":"","meta":{"ocean_post_layout":"","ocean_both_sidebars_style":"","ocean_both_sidebars_content_width":0,"ocean_both_sidebars_sidebars_width":0,"ocean_sidebar":"","ocean_second_sidebar":"","ocean_disable_margins":"enable","ocean_add_body_class":"","ocean_shortcode_before_top_bar":"","ocean_shortcode_after_top_bar":"","ocean_shortcode_before_header":"","ocean_shortcode_after_header":"","ocean_has_shortcode":"","ocean_shortcode_after_title":"","ocean_shortcode_before_footer_widgets":"","ocean_shortcode_after_footer_widgets":"","ocean_shortcode_before_footer_bottom":"","ocean_shortcode_after_footer_bottom":"","ocean_display_top_bar":"default","ocean_display_header":"default","ocean_header_style":"","ocean_center_header_left_menu":"","ocean_custom_header_template":"","ocean_custom_logo":0,"ocean_custom_retina_logo":0,"ocean_custom_logo_max_width":0,"ocean_custom_logo_tablet_max_width":0,"ocean_custom_logo_mobile_max_width":0,"ocean_custom_logo_max_height":0,"ocean_custom_logo_tablet_max_height":0,"ocean_custom_logo_mobile_max_height":0,"ocean_header_custom_menu":"","ocean_menu_typo_font_family":"","ocean_menu_typo_font_subset":"","ocean_menu_typo_font_size":0,"ocean_menu_typo_font_size_tablet":0,"ocean_menu_typo_font_size_mobile":0,"ocean_menu_typo_font_size_unit":"px","ocean_menu_typo_font_weight":"","ocean_menu_typo_font_weight_tablet":"","ocean_menu_typo_font_weight_mobile":"","ocean_menu_typo_transform":"","ocean_menu_typo_transform_tablet":"","ocean_menu_typo_transform_mobile":"","ocean_menu_typo_line_height":0,"ocean_menu_typo_line_height_tablet":0,"ocean_menu_typo_line_height_mobile":0,"ocean_menu_typo_line_height_unit":"","ocean_menu_typo_spacing":0,"ocean_menu_typo_spacing_tablet":0,"ocean_menu_typo_spacing_mobile":0,"ocean_menu_typo_spacing_unit":"","ocean_menu_link_color":"","ocean_menu_link_color_hover":"","ocean_menu_link_color_active":"","ocean_menu_link_background":"","ocean_menu_link_hover_background":"","ocean_menu_link_active_background":"","ocean_menu_social_links_bg":"","ocean_menu_social_hover_links_bg":"","ocean_menu_social_links_color":"","ocean_menu_social_hover_links_color":"","ocean_disable_title":"default","ocean_disable_heading":"default","ocean_post_title":"","ocean_post_subheading":"","ocean_post_title_style":"","ocean_post_title_background_color":"","ocean_post_title_background":0,"ocean_post_title_bg_image_position":"","ocean_post_title_bg_image_attachment":"","ocean_post_title_bg_image_repeat":"","ocean_post_title_bg_image_size":"","ocean_post_title_height":0,"ocean_post_title_bg_overlay":0.5,"ocean_post_title_bg_overlay_color":"","ocean_disable_breadcrumbs":"default","ocean_breadcrumbs_color":"","ocean_breadcrumbs_separator_color":"","ocean_breadcrumbs_links_color":"","ocean_breadcrumbs_links_hover_color":"","ocean_display_footer_widgets":"default","ocean_display_footer_bottom":"default","ocean_custom_footer_template":"","omw_enable_modal_window":"enable","footnotes":""},"class_list":["post-263","page","type-page","status-publish","hentry","entry","owp-thumbs-layout-horizontal","owp-btn-very-big","owp-tabs-layout-horizontal","has-no-thumbnails","has-product-nav"],"_links":{"self":[{"href":"https:\/\/thearena-in.de\/en\/wp-json\/wp\/v2\/pages\/263","targetHints":{"allow":["GET"]}}],"collection":[{"href":"https:\/\/thearena-in.de\/en\/wp-json\/wp\/v2\/pages"}],"about":[{"href":"https:\/\/thearena-in.de\/en\/wp-json\/wp\/v2\/types\/page"}],"author":[{"embeddable":true,"href":"https:\/\/thearena-in.de\/en\/wp-json\/wp\/v2\/users\/2"}],"replies":[{"embeddable":true,"href":"https:\/\/thearena-in.de\/en\/wp-json\/wp\/v2\/comments?post=263"}],"version-history":[{"count":2,"href":"https:\/\/thearena-in.de\/en\/wp-json\/wp\/v2\/pages\/263\/revisions"}],"predecessor-version":[{"id":336,"href":"https:\/\/thearena-in.de\/en\/wp-json\/wp\/v2\/pages\/263\/revisions\/336"}],"wp:attachment":[{"href":"https:\/\/thearena-in.de\/en\/wp-json\/wp\/v2\/media?parent=263"}],"curies":[{"name":"wp","href":"https:\/\/api.w.org\/{rel}","templated":true}]}}